{"id":3019,"date":"2022-03-27T23:28:32","date_gmt":"2022-03-27T21:28:32","guid":{"rendered":"https:\/\/www.augment.se\/contact-us\/"},"modified":"2023-11-20T15:45:10","modified_gmt":"2023-11-20T14:45:10","slug":"ota-yhteytta","status":"publish","type":"page","link":"https:\/\/www.augment.se\/fi\/ota-yhteytta\/","title":{"rendered":"Ota yhteytt\u00e4"},"content":{"rendered":"<section id=\"headerblock-block_07040388c5bc49cbb84f576760899df7\" class=\"white headerblock is-style-grid-6\" >\n\n    \n    <div class=\"inner\">\n\n        <h1><span class=\"accent-500\">Ota <\/span><span class=\"underlined-1b\">yhteytt\u00e4<\/span><\/h1>\n<p>Odotamme innolla viesti\u00e4si.<\/p>\n\n\n    \n\n        \n\n        \n\n    <\/div>\n\n    <div class=\"delimiter\"><div><\/div><\/div>\n    \n<\/section>\n\n<section id=\"contentblock-block_d82803f601a94f5741768edb322b128f\" class=\"white contentblock large is-style-grid-6\" >\n\n\n    \n    <div class=\"inner \">\n\n        <h4>Tavoita meid\u00e4t<\/h4>\n<p>Puh: +<a href=\"tel:4686042255\">46 8-604 22 55<\/a><br \/>\nS\u00e4hk\u00f6posti: <a href=\"mailto:info@augment.se\">info@augment.se<\/a><br \/>\n<a href=\"https:\/\/www.linkedin.com\/company\/augment-partners-ab\" target=\"_blank\" rel=\"noopener\">LinkedIn<\/a><br \/>\n<a href=\"https:\/\/twitter.com\/PartnersAugment\" target=\"_blank\" rel=\"noopener\">Twitter<\/a><\/p>\n<p>&nbsp;<\/p>\n<h4>Osoitteemme<\/h4>\n<h6>Ruotsi<\/h6>\n<p>Eriksbergsgatan 8 A<br \/>\n114 30 Stockholm<\/p>\n<h6 id=\"tw-target-text\" class=\"tw-data-text tw-text-large tw-ta\" dir=\"ltr\" data-placeholder=\"Translation\" data-ved=\"2ahUKEwjL85Wg5dKCAxUULRAIHZbUAmoQ3ewLegQIDhAQ\"><span class=\"Y2IQFc\" lang=\"fi\">Suomi<\/span><\/h6>\n<p>Sofia Helsinki<br \/>\nSofiankatu 4 C<br \/>\n00170 Helsinki<\/p>\n<p>&nbsp;<\/p>\n<h6>Etsitk\u00f6 yht\u00e4 ty\u00f6ntekij\u00f6ist\u00e4mme?<\/h6>\n<p><a href=\"https:\/\/www.augment.se\/fi\/tiimi\/\">Tutustu tiimisivuumme<\/a><\/p>\n\n        \t\n\n\n    <\/div>\n    \n<\/section>","protected":false},"excerpt":{"rendered":"","protected":false},"author":3,"featured_media":0,"parent":0,"menu_order":0,"comment_status":"closed","ping_status":"closed","template":"","meta":{"_acf_changed":false,"_monsterinsights_skip_tracking":false,"_monsterinsights_sitenote_active":false,"_monsterinsights_sitenote_note":"","_monsterinsights_sitenote_category":0,"footnotes":""},"class_list":["post-3019","page","type-page","status-publish","hentry"],"acf":[],"yoast_head":"<!-- This site is optimized with the Yoast SEO plugin v21.9 - https:\/\/yoast.com\/wordpress\/plugins\/seo\/ -->\n<title>Ota yhteytt\u00e4<\/title>\n<meta name=\"robots\" content=\"index, follow, max-snippet:-1, max-image-preview:large, max-video-preview:-1\" \/>\n<link rel=\"canonical\" href=\"https:\/\/www.augment.se\/fi\/ota-yhteytta\/\" \/>\n<meta property=\"og:locale\" content=\"fi_FI\" \/>\n<meta property=\"og:type\" content=\"article\" \/>\n<meta property=\"og:title\" content=\"Ota yhteytt\u00e4\" \/>\n<meta property=\"og:url\" content=\"https:\/\/www.augment.se\/fi\/ota-yhteytta\/\" \/>\n<meta property=\"og:site_name\" content=\"Augment\" \/>\n<meta property=\"article:modified_time\" content=\"2023-11-20T14:45:10+00:00\" \/>\n<meta name=\"twitter:card\" content=\"summary_large_image\" \/>\n<script type=\"application\/ld+json\" class=\"yoast-schema-graph\">{\"@context\":\"https:\/\/schema.org\",\"@graph\":[{\"@type\":\"WebPage\",\"@id\":\"https:\/\/www.augment.se\/fi\/ota-yhteytta\/\",\"url\":\"https:\/\/www.augment.se\/fi\/ota-yhteytta\/\",\"name\":\"Ota yhteytt\u00e4\",\"isPartOf\":{\"@id\":\"https:\/\/www.augment.se\/fi\/#website\"},\"datePublished\":\"2022-03-27T21:28:32+00:00\",\"dateModified\":\"2023-11-20T14:45:10+00:00\",\"breadcrumb\":{\"@id\":\"https:\/\/www.augment.se\/fi\/ota-yhteytta\/#breadcrumb\"},\"inLanguage\":\"fi\",\"potentialAction\":[{\"@type\":\"ReadAction\",\"target\":[\"https:\/\/www.augment.se\/fi\/ota-yhteytta\/\"]}]},{\"@type\":\"BreadcrumbList\",\"@id\":\"https:\/\/www.augment.se\/fi\/ota-yhteytta\/#breadcrumb\",\"itemListElement\":[{\"@type\":\"ListItem\",\"position\":1,\"name\":\"Home\",\"item\":\"https:\/\/www.augment.se\/fi\/\"},{\"@type\":\"ListItem\",\"position\":2,\"name\":\"Ota yhteytt\u00e4\"}]},{\"@type\":\"WebSite\",\"@id\":\"https:\/\/www.augment.se\/fi\/#website\",\"url\":\"https:\/\/www.augment.se\/fi\/\",\"name\":\"Augment\",\"description\":\"Personal and tailored investment banking advisory for each client&#039;s needs\",\"publisher\":{\"@id\":\"https:\/\/www.augment.se\/fi\/#organization\"},\"potentialAction\":[{\"@type\":\"SearchAction\",\"target\":{\"@type\":\"EntryPoint\",\"urlTemplate\":\"https:\/\/www.augment.se\/fi\/?s={search_term_string}\"},\"query-input\":\"required name=search_term_string\"}],\"inLanguage\":\"fi\"},{\"@type\":\"Organization\",\"@id\":\"https:\/\/www.augment.se\/fi\/#organization\",\"name\":\"Augment Partners\",\"url\":\"https:\/\/www.augment.se\/fi\/\",\"logo\":{\"@type\":\"ImageObject\",\"inLanguage\":\"fi\",\"@id\":\"https:\/\/www.augment.se\/fi\/#\/schema\/logo\/image\/\",\"url\":\"https:\/\/www.augment.se\/wp-content\/uploads\/2022\/05\/Augment-Partners.png\",\"contentUrl\":\"https:\/\/www.augment.se\/wp-content\/uploads\/2022\/05\/Augment-Partners.png\",\"width\":2400,\"height\":1260,\"caption\":\"Augment Partners\"},\"image\":{\"@id\":\"https:\/\/www.augment.se\/fi\/#\/schema\/logo\/image\/\"}}]}<\/script>\n<!-- \/ Yoast SEO plugin. -->","yoast_head_json":{"title":"Ota yhteytt\u00e4","robots":{"index":"index","follow":"follow","max-snippet":"max-snippet:-1","max-image-preview":"max-image-preview:large","max-video-preview":"max-video-preview:-1"},"canonical":"https:\/\/www.augment.se\/fi\/ota-yhteytta\/","og_locale":"fi_FI","og_type":"article","og_title":"Ota yhteytt\u00e4","og_url":"https:\/\/www.augment.se\/fi\/ota-yhteytta\/","og_site_name":"Augment","article_modified_time":"2023-11-20T14:45:10+00:00","twitter_card":"summary_large_image","schema":{"@context":"https:\/\/schema.org","@graph":[{"@type":"WebPage","@id":"https:\/\/www.augment.se\/fi\/ota-yhteytta\/","url":"https:\/\/www.augment.se\/fi\/ota-yhteytta\/","name":"Ota yhteytt\u00e4","isPartOf":{"@id":"https:\/\/www.augment.se\/fi\/#website"},"datePublished":"2022-03-27T21:28:32+00:00","dateModified":"2023-11-20T14:45:10+00:00","breadcrumb":{"@id":"https:\/\/www.augment.se\/fi\/ota-yhteytta\/#breadcrumb"},"inLanguage":"fi","potentialAction":[{"@type":"ReadAction","target":["https:\/\/www.augment.se\/fi\/ota-yhteytta\/"]}]},{"@type":"BreadcrumbList","@id":"https:\/\/www.augment.se\/fi\/ota-yhteytta\/#breadcrumb","itemListElement":[{"@type":"ListItem","position":1,"name":"Home","item":"https:\/\/www.augment.se\/fi\/"},{"@type":"ListItem","position":2,"name":"Ota yhteytt\u00e4"}]},{"@type":"WebSite","@id":"https:\/\/www.augment.se\/fi\/#website","url":"https:\/\/www.augment.se\/fi\/","name":"Augment","description":"Personal and tailored investment banking advisory for each client&#039;s needs","publisher":{"@id":"https:\/\/www.augment.se\/fi\/#organization"},"potentialAction":[{"@type":"SearchAction","target":{"@type":"EntryPoint","urlTemplate":"https:\/\/www.augment.se\/fi\/?s={search_term_string}"},"query-input":"required name=search_term_string"}],"inLanguage":"fi"},{"@type":"Organization","@id":"https:\/\/www.augment.se\/fi\/#organization","name":"Augment Partners","url":"https:\/\/www.augment.se\/fi\/","logo":{"@type":"ImageObject","inLanguage":"fi","@id":"https:\/\/www.augment.se\/fi\/#\/schema\/logo\/image\/","url":"https:\/\/www.augment.se\/wp-content\/uploads\/2022\/05\/Augment-Partners.png","contentUrl":"https:\/\/www.augment.se\/wp-content\/uploads\/2022\/05\/Augment-Partners.png","width":2400,"height":1260,"caption":"Augment Partners"},"image":{"@id":"https:\/\/www.augment.se\/fi\/#\/schema\/logo\/image\/"}}]}},"_links":{"self":[{"href":"https:\/\/www.augment.se\/fi\/wp-json\/wp\/v2\/pages\/3019","targetHints":{"allow":["GET"]}}],"collection":[{"href":"https:\/\/www.augment.se\/fi\/wp-json\/wp\/v2\/pages"}],"about":[{"href":"https:\/\/www.augment.se\/fi\/wp-json\/wp\/v2\/types\/page"}],"author":[{"embeddable":true,"href":"https:\/\/www.augment.se\/fi\/wp-json\/wp\/v2\/users\/3"}],"replies":[{"embeddable":true,"href":"https:\/\/www.augment.se\/fi\/wp-json\/wp\/v2\/comments?post=3019"}],"version-history":[{"count":14,"href":"https:\/\/www.augment.se\/fi\/wp-json\/wp\/v2\/pages\/3019\/revisions"}],"predecessor-version":[{"id":4149,"href":"https:\/\/www.augment.se\/fi\/wp-json\/wp\/v2\/pages\/3019\/revisions\/4149"}],"wp:attachment":[{"href":"https:\/\/www.augment.se\/fi\/wp-json\/wp\/v2\/media?parent=3019"}],"curies":[{"name":"wp","href":"https:\/\/api.w.org\/{rel}","templated":true}]}}