{"id":3021,"date":"2022-03-07T23:36:47","date_gmt":"2022-03-07T22:36:47","guid":{"rendered":"https:\/\/www.augment.se\/career\/"},"modified":"2025-02-13T10:53:28","modified_gmt":"2025-02-13T09:53:28","slug":"ura","status":"publish","type":"page","link":"https:\/\/www.augment.se\/fi\/ura\/","title":{"rendered":"Ura"},"content":{"rendered":"<section id=\"headerblock-block_63b43296228fb02e06d1051254d0a207\" class=\"white headerblock is-style-grid-6\" >\n\n    \n    <div class=\"inner\">\n\n        <h1><span class=\"accent-500\">Hey<\/span> <span class=\"underlined-3\">people<\/span><\/h1>\n<p><span class=\"introduction\">Uskomme rentoon ja avomieliseen ilmapiiriin.<\/span><br \/>\n<span class=\"introduction\">Opi lis\u00e4\u00e4 siit\u00e4, miten eroamme muista.<\/span><\/p>\n\n\n    \n\n        \n\n        \n\n    <\/div>\n\n    <div class=\"delimiter\"><div><\/div><\/div>\n    \n<\/section>\n\n<section id=\"contentblock-block_08e937ad4db396ea9a70280b06e6b007\" class=\"white contentblock large is-style-grid-6\" >\n\n\n    \n    <div class=\"inner \">\n\n        <p>Tiimimme on suurin voimavaramme ja liiketoimintamme ydin. Pitk\u00e4j\u00e4nteisen asiakasl\u00e4hestymistapamme mukaisesti pyrimme olemaan ty\u00f6ntekij\u00f6illemme enemm\u00e4n kuin pelkk\u00e4 ty\u00f6nantaja.<\/p>\n<p>Meill\u00e4 on yst\u00e4v\u00e4llinen ty\u00f6ymp\u00e4rist\u00f6 ja vahva usko siihen, ett\u00e4 sek\u00e4 hyvinvointi ett\u00e4 parhaat ideat kukoistavat avoimessa ja avomielisess\u00e4 ilmapiiriss\u00e4. Oikealla asenteella vastuu on otettavissa, ja kannustamme luoviin aloitteisiin.<\/p>\n<p>Uskomme, ett\u00e4 facetime oli jotain, mik\u00e4 kaatui Lehmanin rinnalla, mutta odotamme kuitenkin kovaa ty\u00f6ntekoa ja omistautumista, jotta aina voimme toteuttaa sitoumuksemme.<\/p>\n<p>Otamme mielell\u00e4mme vastaan avoimia hakemuksia.<\/p>\n<p><a class=\"typelink anchor\" href=\"#positions\">Avoimet paikat<\/a><\/p>\n\n        \t\n\n\n    <\/div>\n    \n<\/section>\n\n\n<section id=\"slideshow-block_a1001487d47e8a465d4c49074ebd6994\" class=\"white slideshow img-slideshow article-slideshow is-style-grid-8 notoppadding\" >\n\n    <div class=\"inner \">\n    \n        <div class=\"article-slider quote-slider lazy-slider flexslider flexFull loading\">\n\n            \n\n                    <ul class=\"slides\">\n\n\n                        \n\n\n                                        <li class=\"lhs-slide lazyslide\" data-src=\"https:\/\/www.augment.se\/wp-content\/uploads\/2022\/02\/we-are-augment.jpg\" data-pos=\"center center\">\n                                            <div class=\"bg-container\" style=\"background-image:url(https:\/\/www.augment.se\/wp-content\/uploads\/2022\/02\/we-are-augment.jpg);background-position:center center;\"><\/div>\n                                        <\/li>\n\n                                                                    \n\n                                                                    <li class=\"lhs-slide lazyslide\" data-src=\"https:\/\/www.augment.se\/wp-content\/uploads\/2022\/03\/IMG_0770-1920x1080.jpg\" data-pos=\"center center\">\n                                    <div class=\"bg-container\"><\/div>\n                                <\/li>\n                                                                            \n\n                                                                    <li class=\"lhs-slide lazyslide\" data-src=\"https:\/\/www.augment.se\/wp-content\/uploads\/2022\/03\/IMG_0772-1920x1080.jpg\" data-pos=\"center center\">\n                                    <div class=\"bg-container\"><\/div>\n                                <\/li>\n                                                                            \n\n                                                                    <li class=\"lhs-slide lazyslide\" data-src=\"https:\/\/www.augment.se\/wp-content\/uploads\/2022\/03\/IMG_0769-1920x1080.jpg\" data-pos=\"center center\">\n                                    <div class=\"bg-container\"><\/div>\n                                <\/li>\n                                                                            \n\n                                                                    <li class=\"lhs-slide lazyslide\" data-src=\"https:\/\/www.augment.se\/wp-content\/uploads\/2022\/03\/IMG_0774-1920x1080.jpg\" data-pos=\"center center\">\n                                    <div class=\"bg-container\"><\/div>\n                                <\/li>\n                                                                            \n\n                                                                    <li class=\"lhs-slide lazyslide\" data-src=\"https:\/\/www.augment.se\/wp-content\/uploads\/2022\/03\/IMG_0773-1920x1080.jpg\" data-pos=\"center center\">\n                                    <div class=\"bg-container\"><\/div>\n                                <\/li>\n                                                                            \n\n                        \n                    <\/ul>\n\n    \n\n            <\/div>\n        <\/div>\n    \n<\/section>\n\n\n\n    <a name=\"positions\"><\/a>\n    <section id=\"positions\" class=\"light-grey positions-block newsfeed is-style-grid-6\" >\n    \n\n        <div class=\"inner\">\n\n            <div class=\"content\"><h2>Avoimet paikat<\/h2>\n<\/div>\n\n\n            <div id=\"newsdiv\" class=\"items position-items\">\n\n                <div class=\"item wow fadeInUp linked\" data-href=\"https:\/\/www.augment.se\/fi\/position\/project-manager\/\" data-wow-delay=\"0.3s\" data-wow-offset=\"0\" data-wow-duration=\"0.5s\">\n\n    \n    \n    <div class=\"col datecol\">\n        <p class=\"date\">\n\n        \t<span class=\"open\">Open application<\/span>\n    <\/p>\n    <\/div>\n\n    <div class=\"col excerpt\">\n            <div>\n                <h3><a href=\"https:\/\/www.augment.se\/fi\/position\/project-manager\/\">Project Manager<\/a><\/h3>\n            <\/div>\n\n            <a class=\"more\" href=\"https:\/\/www.augment.se\/fi\/position\/project-manager\/\"><\/a>\n\n        \n    <\/div>\n    \n<\/div><div class=\"item wow fadeInUp linked\" data-href=\"https:\/\/www.augment.se\/fi\/position\/analysts-and-analyst-interns\/\" data-wow-delay=\"0.3s\" data-wow-offset=\"0\" data-wow-duration=\"0.5s\">\n\n    \n    \n    <div class=\"col datecol\">\n        <p class=\"date\">\n\n        \t<span class=\"open\">Open application<\/span>\n    <\/p>\n    <\/div>\n\n    <div class=\"col excerpt\">\n            <div>\n                <h3><a href=\"https:\/\/www.augment.se\/fi\/position\/analysts-and-analyst-interns\/\">Full-time Analysts and Analyst Interns<\/a><\/h3>\n            <\/div>\n\n            <a class=\"more\" href=\"https:\/\/www.augment.se\/fi\/position\/analysts-and-analyst-interns\/\"><\/a>\n\n        \n    <\/div>\n    \n<\/div>\n            <\/div>\n\n            <div class=\"content\"><p>Ep\u00e4varma omasta soveltuvuudestasi johonkin avoimista paikoistamme? L\u00e4het\u00e4 silti meille avoin hakemus! Voit laittaa s\u00e4hk\u00f6postia osoitteeseen <a href=\"mailto:talent@augment.se\">talent@augment.se<\/a>.<\/p>\n<\/div>\n\n\n        <\/div>\n\n    <\/section>\n\n\n\n\n","protected":false},"excerpt":{"rendered":"","protected":false},"author":3,"featured_media":0,"parent":0,"menu_order":0,"comment_status":"closed","ping_status":"closed","template":"","meta":{"_acf_changed":false,"_monsterinsights_skip_tracking":false,"_monsterinsights_sitenote_active":false,"_monsterinsights_sitenote_note":"","_monsterinsights_sitenote_category":0,"footnotes":""},"class_list":["post-3021","page","type-page","status-publish","hentry"],"acf":[],"yoast_head":"<!-- This site is optimized with the Yoast SEO plugin v21.9 - https:\/\/yoast.com\/wordpress\/plugins\/seo\/ -->\n<title>Ura<\/title>\n<meta name=\"robots\" content=\"index, follow, max-snippet:-1, max-image-preview:large, max-video-preview:-1\" \/>\n<link rel=\"canonical\" href=\"https:\/\/www.augment.se\/fi\/ura\/\" \/>\n<meta property=\"og:locale\" content=\"fi_FI\" \/>\n<meta property=\"og:type\" content=\"article\" \/>\n<meta property=\"og:title\" content=\"Ura\" \/>\n<meta property=\"og:url\" content=\"https:\/\/www.augment.se\/fi\/ura\/\" \/>\n<meta property=\"og:site_name\" content=\"Augment\" \/>\n<meta property=\"article:modified_time\" content=\"2025-02-13T09:53:28+00:00\" \/>\n<meta name=\"twitter:card\" content=\"summary_large_image\" \/>\n<script type=\"application\/ld+json\" class=\"yoast-schema-graph\">{\"@context\":\"https:\/\/schema.org\",\"@graph\":[{\"@type\":\"WebPage\",\"@id\":\"https:\/\/www.augment.se\/fi\/ura\/\",\"url\":\"https:\/\/www.augment.se\/fi\/ura\/\",\"name\":\"Ura\",\"isPartOf\":{\"@id\":\"https:\/\/www.augment.se\/fi\/#website\"},\"datePublished\":\"2022-03-07T22:36:47+00:00\",\"dateModified\":\"2025-02-13T09:53:28+00:00\",\"breadcrumb\":{\"@id\":\"https:\/\/www.augment.se\/fi\/ura\/#breadcrumb\"},\"inLanguage\":\"fi\",\"potentialAction\":[{\"@type\":\"ReadAction\",\"target\":[\"https:\/\/www.augment.se\/fi\/ura\/\"]}]},{\"@type\":\"BreadcrumbList\",\"@id\":\"https:\/\/www.augment.se\/fi\/ura\/#breadcrumb\",\"itemListElement\":[{\"@type\":\"ListItem\",\"position\":1,\"name\":\"Home\",\"item\":\"https:\/\/www.augment.se\/fi\/\"},{\"@type\":\"ListItem\",\"position\":2,\"name\":\"Ura\"}]},{\"@type\":\"WebSite\",\"@id\":\"https:\/\/www.augment.se\/fi\/#website\",\"url\":\"https:\/\/www.augment.se\/fi\/\",\"name\":\"Augment\",\"description\":\"Personal and tailored investment banking advisory for each client&#039;s needs\",\"publisher\":{\"@id\":\"https:\/\/www.augment.se\/fi\/#organization\"},\"potentialAction\":[{\"@type\":\"SearchAction\",\"target\":{\"@type\":\"EntryPoint\",\"urlTemplate\":\"https:\/\/www.augment.se\/fi\/?s={search_term_string}\"},\"query-input\":\"required name=search_term_string\"}],\"inLanguage\":\"fi\"},{\"@type\":\"Organization\",\"@id\":\"https:\/\/www.augment.se\/fi\/#organization\",\"name\":\"Augment Partners\",\"url\":\"https:\/\/www.augment.se\/fi\/\",\"logo\":{\"@type\":\"ImageObject\",\"inLanguage\":\"fi\",\"@id\":\"https:\/\/www.augment.se\/fi\/#\/schema\/logo\/image\/\",\"url\":\"https:\/\/www.augment.se\/wp-content\/uploads\/2022\/05\/Augment-Partners.png\",\"contentUrl\":\"https:\/\/www.augment.se\/wp-content\/uploads\/2022\/05\/Augment-Partners.png\",\"width\":2400,\"height\":1260,\"caption\":\"Augment Partners\"},\"image\":{\"@id\":\"https:\/\/www.augment.se\/fi\/#\/schema\/logo\/image\/\"}}]}<\/script>\n<!-- \/ Yoast SEO plugin. -->","yoast_head_json":{"title":"Ura","robots":{"index":"index","follow":"follow","max-snippet":"max-snippet:-1","max-image-preview":"max-image-preview:large","max-video-preview":"max-video-preview:-1"},"canonical":"https:\/\/www.augment.se\/fi\/ura\/","og_locale":"fi_FI","og_type":"article","og_title":"Ura","og_url":"https:\/\/www.augment.se\/fi\/ura\/","og_site_name":"Augment","article_modified_time":"2025-02-13T09:53:28+00:00","twitter_card":"summary_large_image","schema":{"@context":"https:\/\/schema.org","@graph":[{"@type":"WebPage","@id":"https:\/\/www.augment.se\/fi\/ura\/","url":"https:\/\/www.augment.se\/fi\/ura\/","name":"Ura","isPartOf":{"@id":"https:\/\/www.augment.se\/fi\/#website"},"datePublished":"2022-03-07T22:36:47+00:00","dateModified":"2025-02-13T09:53:28+00:00","breadcrumb":{"@id":"https:\/\/www.augment.se\/fi\/ura\/#breadcrumb"},"inLanguage":"fi","potentialAction":[{"@type":"ReadAction","target":["https:\/\/www.augment.se\/fi\/ura\/"]}]},{"@type":"BreadcrumbList","@id":"https:\/\/www.augment.se\/fi\/ura\/#breadcrumb","itemListElement":[{"@type":"ListItem","position":1,"name":"Home","item":"https:\/\/www.augment.se\/fi\/"},{"@type":"ListItem","position":2,"name":"Ura"}]},{"@type":"WebSite","@id":"https:\/\/www.augment.se\/fi\/#website","url":"https:\/\/www.augment.se\/fi\/","name":"Augment","description":"Personal and tailored investment banking advisory for each client&#039;s needs","publisher":{"@id":"https:\/\/www.augment.se\/fi\/#organization"},"potentialAction":[{"@type":"SearchAction","target":{"@type":"EntryPoint","urlTemplate":"https:\/\/www.augment.se\/fi\/?s={search_term_string}"},"query-input":"required name=search_term_string"}],"inLanguage":"fi"},{"@type":"Organization","@id":"https:\/\/www.augment.se\/fi\/#organization","name":"Augment Partners","url":"https:\/\/www.augment.se\/fi\/","logo":{"@type":"ImageObject","inLanguage":"fi","@id":"https:\/\/www.augment.se\/fi\/#\/schema\/logo\/image\/","url":"https:\/\/www.augment.se\/wp-content\/uploads\/2022\/05\/Augment-Partners.png","contentUrl":"https:\/\/www.augment.se\/wp-content\/uploads\/2022\/05\/Augment-Partners.png","width":2400,"height":1260,"caption":"Augment Partners"},"image":{"@id":"https:\/\/www.augment.se\/fi\/#\/schema\/logo\/image\/"}}]}},"_links":{"self":[{"href":"https:\/\/www.augment.se\/fi\/wp-json\/wp\/v2\/pages\/3021","targetHints":{"allow":["GET"]}}],"collection":[{"href":"https:\/\/www.augment.se\/fi\/wp-json\/wp\/v2\/pages"}],"about":[{"href":"https:\/\/www.augment.se\/fi\/wp-json\/wp\/v2\/types\/page"}],"author":[{"embeddable":true,"href":"https:\/\/www.augment.se\/fi\/wp-json\/wp\/v2\/users\/3"}],"replies":[{"embeddable":true,"href":"https:\/\/www.augment.se\/fi\/wp-json\/wp\/v2\/comments?post=3021"}],"version-history":[{"count":7,"href":"https:\/\/www.augment.se\/fi\/wp-json\/wp\/v2\/pages\/3021\/revisions"}],"predecessor-version":[{"id":4838,"href":"https:\/\/www.augment.se\/fi\/wp-json\/wp\/v2\/pages\/3021\/revisions\/4838"}],"wp:attachment":[{"href":"https:\/\/www.augment.se\/fi\/wp-json\/wp\/v2\/media?parent=3021"}],"curies":[{"name":"wp","href":"https:\/\/api.w.org\/{rel}","templated":true}]}}