{"id":3029,"date":"2022-02-08T11:29:05","date_gmt":"2022-02-08T10:29:05","guid":{"rendered":"https:\/\/www.augment.se\/our-causes\/"},"modified":"2024-02-19T11:27:46","modified_gmt":"2024-02-19T10:27:46","slug":"vaikutustavoitemme","status":"publish","type":"page","link":"https:\/\/www.augment.se\/fi\/vaikutustavoitemme\/","title":{"rendered":"Vaikutustavoitteemme"},"content":{"rendered":"<section id=\"headerblock-block_042749c30f27af9cee8c988fa9057bfd\" class=\"white headerblock\" >\n\n    \n<div class=\"bg-container\" style=\"background-image:url(https:\/\/www.augment.se\/wp-content\/uploads\/2022\/03\/CSR-header-2.png);\"><\/div>\n    <div class=\"inner\">\n\n        <h1>Vaikutustavoitteemme<\/h1>\n\n    \n\n        \n\n        \n\n    <\/div>\n\n    <div class=\"delimiter\"><div><\/div><\/div>\n    \n<\/section>\n\n<section id=\"contentblock-block_acc65120f44dd1031bc09ce2985179ef\" class=\"white contentblock large is-style-grid-6\" >\n\n\n    \n    <div class=\"inner \">\n\n        <h1>Teemme yhteisty\u00f6t\u00e4 <span class=\"accent-500\">Milkywiren <\/span>kanssa, joka on <span class=\"accent-500\">vaikuttamiskumppanimme<\/span><\/h1>\n<p><span class=\"introduction\">Milkywire on teknologiaan perustuva lahjoitusalusta, joka yhdist\u00e4\u00e4 ihmiset ja yritykset suoraan paikallisiin luontoper\u00e4isiin voittoa tavoittelemattomiin organisaatioihin, jotka ty\u00f6skentelev\u00e4t planeettamme pelastamiseksi.<br \/>\n<\/span><\/p>\n<p>Milkywiren alustalla voit tutustua huolellisesti valikoituihin, seulottuihin ja arvioituihin organisaatioihin, ottaa heihin yhteytt\u00e4, tehd\u00e4 lahjoituksia suoraan heille ja seurata heid\u00e4n toimintaansa viikoittaisten p\u00e4ivitysten avulla. Se on uusi tapa vaikuttaa, ilman v\u00e4lik\u00e4si\u00e4, joka tuo kaikki l\u00e4hemm\u00e4s konkreettista ty\u00f6t\u00e4 planeettamme suojelemiseksi ja palauttamiseksi.<\/p>\n<p>&nbsp;<\/p>\n<h2 class=\"p1\"><b>Pelastetaan meremme<\/b><\/h2>\n<p class=\"p1\">Meremme ovat el\u00e4m\u00e4lle v\u00e4ltt\u00e4m\u00e4tt\u00f6mi\u00e4, sill\u00e4 ne tuottavat yli 50 % hengitt\u00e4m\u00e4st\u00e4mme hapesta ja tarjoavat kodin 80 %:lle kaikista planeettamme eli\u00f6ist\u00e4. Yksi kahdesta tavoitteestamme Milkywiren kanssa on <em>save our oceans<\/em>. Taustalla toimivat organisaatiot koostuvat sitoutuneista asiantuntijoista, jotka tekev\u00e4t kaikkensa muun muassa pelastaakseen el\u00e4imi\u00e4 muovij\u00e4tteelt\u00e4, puhdistaakseen It\u00e4meren ja suojellakseen haita Karibialla.<\/p>\n<p>&nbsp;<\/p>\n<p><img loading=\"lazy\" decoding=\"async\" class=\"alignnone wp-image-798 size-full\" src=\"https:\/\/www.augment.se\/wp-content\/uploads\/2022\/03\/Hammerhead-shark_Copyright-Milkywire_Credit-\u200b\u200bDuncan-Brake.jpg\" alt=\"Milkywire Shark image\" width=\"1920\" height=\"1080\" srcset=\"https:\/\/www.augment.se\/wp-content\/uploads\/2022\/03\/Hammerhead-shark_Copyright-Milkywire_Credit-\u200b\u200bDuncan-Brake.jpg 1920w, https:\/\/www.augment.se\/wp-content\/uploads\/2022\/03\/Hammerhead-shark_Copyright-Milkywire_Credit-\u200b\u200bDuncan-Brake-300x169.jpg 300w, https:\/\/www.augment.se\/wp-content\/uploads\/2022\/03\/Hammerhead-shark_Copyright-Milkywire_Credit-\u200b\u200bDuncan-Brake-1024x576.jpg 1024w, https:\/\/www.augment.se\/wp-content\/uploads\/2022\/03\/Hammerhead-shark_Copyright-Milkywire_Credit-\u200b\u200bDuncan-Brake-768x432.jpg 768w, https:\/\/www.augment.se\/wp-content\/uploads\/2022\/03\/Hammerhead-shark_Copyright-Milkywire_Credit-\u200b\u200bDuncan-Brake-1536x864.jpg 1536w\" sizes=\"auto, (max-width: 1920px) 100vw, 1920px\" \/><\/p>\n<p>&nbsp;<\/p>\n<h2 class=\"p1\"><b>Suojellaan metsi\u00e4mme<\/b><\/h2>\n<p class=\"p1\">Joka vuosi tuhoutuu 10 miljoonaa hehtaaria mets\u00e4\u00e4, mik\u00e4 johtaa lajien sukupuuttoon ja ilmastonmuutoksen voimistumiseen. Toinen tavoitteemme on <em>Plant trees and protect our forests<\/em>, ja siihen liittyy palkittuja ruohonjuuritason organisaatioita, jotka ty\u00f6skentelev\u00e4t metsien ja puiden parissa. Lue lis\u00e4\u00e4 t\u00e4st\u00e4 ja muista tavoitteista Milkywiren <span class=\"s1\"><a href=\"https:\/\/milkywire.com\" target=\"_blank\" rel=\"noopener\">sivustolla<\/a>.<\/span><\/p>\n<p>&nbsp;<\/p>\n<p><img loading=\"lazy\" decoding=\"async\" class=\"alignnone wp-image-803 size-large\" src=\"https:\/\/www.augment.se\/wp-content\/uploads\/2022\/03\/Old-forest_Copyright-Milkywire-1024x567.jpg\" alt=\"\" width=\"1024\" height=\"567\" srcset=\"https:\/\/www.augment.se\/wp-content\/uploads\/2022\/03\/Old-forest_Copyright-Milkywire-1024x567.jpg 1024w, https:\/\/www.augment.se\/wp-content\/uploads\/2022\/03\/Old-forest_Copyright-Milkywire-300x166.jpg 300w, https:\/\/www.augment.se\/wp-content\/uploads\/2022\/03\/Old-forest_Copyright-Milkywire-768x426.jpg 768w, https:\/\/www.augment.se\/wp-content\/uploads\/2022\/03\/Old-forest_Copyright-Milkywire-1536x851.jpg 1536w, https:\/\/www.augment.se\/wp-content\/uploads\/2022\/03\/Old-forest_Copyright-Milkywire-2048x1135.jpg 2048w\" sizes=\"auto, (max-width: 1024px) 100vw, 1024px\" \/><\/p>\n<p>&nbsp;<\/p>\n<p>&nbsp;<\/p>\n\n        \t\n\n\n    <\/div>\n    \n<\/section>","protected":false},"excerpt":{"rendered":"","protected":false},"author":3,"featured_media":2851,"parent":0,"menu_order":0,"comment_status":"closed","ping_status":"closed","template":"","meta":{"_acf_changed":false,"_monsterinsights_skip_tracking":false,"_monsterinsights_sitenote_active":false,"_monsterinsights_sitenote_note":"","_monsterinsights_sitenote_category":0,"footnotes":""},"class_list":["post-3029","page","type-page","status-publish","has-post-thumbnail","hentry"],"acf":[],"yoast_head":"<!-- This site is optimized with the Yoast SEO plugin v21.9 - https:\/\/yoast.com\/wordpress\/plugins\/seo\/ -->\n<title>Vaikutustavoitteemme<\/title>\n<meta name=\"robots\" content=\"index, follow, max-snippet:-1, max-image-preview:large, max-video-preview:-1\" \/>\n<link rel=\"canonical\" href=\"https:\/\/www.augment.se\/fi\/vaikutustavoitemme\/\" \/>\n<meta property=\"og:locale\" content=\"fi_FI\" \/>\n<meta property=\"og:type\" content=\"article\" \/>\n<meta property=\"og:title\" content=\"Vaikutustavoitteemme\" \/>\n<meta property=\"og:url\" content=\"https:\/\/www.augment.se\/fi\/vaikutustavoitemme\/\" \/>\n<meta property=\"og:site_name\" content=\"Augment\" \/>\n<meta property=\"article:modified_time\" content=\"2024-02-19T10:27:46+00:00\" \/>\n<meta property=\"og:image\" content=\"https:\/\/www.augment.se\/wp-content\/uploads\/2022\/03\/CSR-header-2.png\" \/>\n\t<meta property=\"og:image:width\" content=\"2000\" \/>\n\t<meta property=\"og:image:height\" content=\"1270\" \/>\n\t<meta property=\"og:image:type\" content=\"image\/png\" \/>\n<meta name=\"twitter:card\" content=\"summary_large_image\" \/>\n<script type=\"application\/ld+json\" class=\"yoast-schema-graph\">{\"@context\":\"https:\/\/schema.org\",\"@graph\":[{\"@type\":\"WebPage\",\"@id\":\"https:\/\/www.augment.se\/fi\/vaikutustavoitemme\/\",\"url\":\"https:\/\/www.augment.se\/fi\/vaikutustavoitemme\/\",\"name\":\"Vaikutustavoitteemme\",\"isPartOf\":{\"@id\":\"https:\/\/www.augment.se\/fi\/#website\"},\"datePublished\":\"2022-02-08T10:29:05+00:00\",\"dateModified\":\"2024-02-19T10:27:46+00:00\",\"breadcrumb\":{\"@id\":\"https:\/\/www.augment.se\/fi\/vaikutustavoitemme\/#breadcrumb\"},\"inLanguage\":\"fi\",\"potentialAction\":[{\"@type\":\"ReadAction\",\"target\":[\"https:\/\/www.augment.se\/fi\/vaikutustavoitemme\/\"]}]},{\"@type\":\"BreadcrumbList\",\"@id\":\"https:\/\/www.augment.se\/fi\/vaikutustavoitemme\/#breadcrumb\",\"itemListElement\":[{\"@type\":\"ListItem\",\"position\":1,\"name\":\"Home\",\"item\":\"https:\/\/www.augment.se\/fi\/\"},{\"@type\":\"ListItem\",\"position\":2,\"name\":\"Vaikutustavoitteemme\"}]},{\"@type\":\"WebSite\",\"@id\":\"https:\/\/www.augment.se\/fi\/#website\",\"url\":\"https:\/\/www.augment.se\/fi\/\",\"name\":\"Augment\",\"description\":\"Personal and tailored investment banking advisory for each client&#039;s needs\",\"publisher\":{\"@id\":\"https:\/\/www.augment.se\/fi\/#organization\"},\"potentialAction\":[{\"@type\":\"SearchAction\",\"target\":{\"@type\":\"EntryPoint\",\"urlTemplate\":\"https:\/\/www.augment.se\/fi\/?s={search_term_string}\"},\"query-input\":\"required name=search_term_string\"}],\"inLanguage\":\"fi\"},{\"@type\":\"Organization\",\"@id\":\"https:\/\/www.augment.se\/fi\/#organization\",\"name\":\"Augment Partners\",\"url\":\"https:\/\/www.augment.se\/fi\/\",\"logo\":{\"@type\":\"ImageObject\",\"inLanguage\":\"fi\",\"@id\":\"https:\/\/www.augment.se\/fi\/#\/schema\/logo\/image\/\",\"url\":\"https:\/\/www.augment.se\/wp-content\/uploads\/2022\/05\/Augment-Partners.png\",\"contentUrl\":\"https:\/\/www.augment.se\/wp-content\/uploads\/2022\/05\/Augment-Partners.png\",\"width\":2400,\"height\":1260,\"caption\":\"Augment Partners\"},\"image\":{\"@id\":\"https:\/\/www.augment.se\/fi\/#\/schema\/logo\/image\/\"}}]}<\/script>\n<!-- \/ Yoast SEO plugin. -->","yoast_head_json":{"title":"Vaikutustavoitteemme","robots":{"index":"index","follow":"follow","max-snippet":"max-snippet:-1","max-image-preview":"max-image-preview:large","max-video-preview":"max-video-preview:-1"},"canonical":"https:\/\/www.augment.se\/fi\/vaikutustavoitemme\/","og_locale":"fi_FI","og_type":"article","og_title":"Vaikutustavoitteemme","og_url":"https:\/\/www.augment.se\/fi\/vaikutustavoitemme\/","og_site_name":"Augment","article_modified_time":"2024-02-19T10:27:46+00:00","og_image":[{"width":2000,"height":1270,"url":"https:\/\/www.augment.se\/wp-content\/uploads\/2022\/03\/CSR-header-2.png","type":"image\/png"}],"twitter_card":"summary_large_image","schema":{"@context":"https:\/\/schema.org","@graph":[{"@type":"WebPage","@id":"https:\/\/www.augment.se\/fi\/vaikutustavoitemme\/","url":"https:\/\/www.augment.se\/fi\/vaikutustavoitemme\/","name":"Vaikutustavoitteemme","isPartOf":{"@id":"https:\/\/www.augment.se\/fi\/#website"},"datePublished":"2022-02-08T10:29:05+00:00","dateModified":"2024-02-19T10:27:46+00:00","breadcrumb":{"@id":"https:\/\/www.augment.se\/fi\/vaikutustavoitemme\/#breadcrumb"},"inLanguage":"fi","potentialAction":[{"@type":"ReadAction","target":["https:\/\/www.augment.se\/fi\/vaikutustavoitemme\/"]}]},{"@type":"BreadcrumbList","@id":"https:\/\/www.augment.se\/fi\/vaikutustavoitemme\/#breadcrumb","itemListElement":[{"@type":"ListItem","position":1,"name":"Home","item":"https:\/\/www.augment.se\/fi\/"},{"@type":"ListItem","position":2,"name":"Vaikutustavoitteemme"}]},{"@type":"WebSite","@id":"https:\/\/www.augment.se\/fi\/#website","url":"https:\/\/www.augment.se\/fi\/","name":"Augment","description":"Personal and tailored investment banking advisory for each client&#039;s needs","publisher":{"@id":"https:\/\/www.augment.se\/fi\/#organization"},"potentialAction":[{"@type":"SearchAction","target":{"@type":"EntryPoint","urlTemplate":"https:\/\/www.augment.se\/fi\/?s={search_term_string}"},"query-input":"required name=search_term_string"}],"inLanguage":"fi"},{"@type":"Organization","@id":"https:\/\/www.augment.se\/fi\/#organization","name":"Augment Partners","url":"https:\/\/www.augment.se\/fi\/","logo":{"@type":"ImageObject","inLanguage":"fi","@id":"https:\/\/www.augment.se\/fi\/#\/schema\/logo\/image\/","url":"https:\/\/www.augment.se\/wp-content\/uploads\/2022\/05\/Augment-Partners.png","contentUrl":"https:\/\/www.augment.se\/wp-content\/uploads\/2022\/05\/Augment-Partners.png","width":2400,"height":1260,"caption":"Augment Partners"},"image":{"@id":"https:\/\/www.augment.se\/fi\/#\/schema\/logo\/image\/"}}]}},"_links":{"self":[{"href":"https:\/\/www.augment.se\/fi\/wp-json\/wp\/v2\/pages\/3029","targetHints":{"allow":["GET"]}}],"collection":[{"href":"https:\/\/www.augment.se\/fi\/wp-json\/wp\/v2\/pages"}],"about":[{"href":"https:\/\/www.augment.se\/fi\/wp-json\/wp\/v2\/types\/page"}],"author":[{"embeddable":true,"href":"https:\/\/www.augment.se\/fi\/wp-json\/wp\/v2\/users\/3"}],"replies":[{"embeddable":true,"href":"https:\/\/www.augment.se\/fi\/wp-json\/wp\/v2\/comments?post=3029"}],"version-history":[{"count":7,"href":"https:\/\/www.augment.se\/fi\/wp-json\/wp\/v2\/pages\/3029\/revisions"}],"predecessor-version":[{"id":4296,"href":"https:\/\/www.augment.se\/fi\/wp-json\/wp\/v2\/pages\/3029\/revisions\/4296"}],"wp:featuredmedia":[{"embeddable":true,"href":"https:\/\/www.augment.se\/fi\/wp-json\/wp\/v2\/media\/2851"}],"wp:attachment":[{"href":"https:\/\/www.augment.se\/fi\/wp-json\/wp\/v2\/media?parent=3029"}],"curies":[{"name":"wp","href":"https:\/\/api.w.org\/{rel}","templated":true}]}}