{"id":3026,"date":"2022-02-18T12:36:28","date_gmt":"2022-02-18T11:36:28","guid":{"rendered":"https:\/\/www.augment.se\/offerings\/"},"modified":"2023-09-01T11:06:57","modified_gmt":"2023-09-01T09:06:57","slug":"erbjudanden","status":"publish","type":"page","link":"https:\/\/www.augment.se\/sv\/erbjudanden\/","title":{"rendered":"Erbjudanden"},"content":{"rendered":"<section id=\"headerblock-block_ca3b5f8ab7970e23ee6c29c297575d94\" class=\"white headerblock is-style-grid-6\" >\n\n    \n    <div class=\"inner\">\n\n        <h1><span class=\"accent-500\">P\u00e5g\u00e5ende<\/span>\u00a0<span class=\"underlined-2\">erbjudanden<\/span><\/h1>\n<p><span class=\"introduction\">Publika transaktioner \u00f6ppna f\u00f6r allm\u00e4nheten.<\/span><\/p>\n\n\n    \n\n        \n\n        \n\n    <\/div>\n\n    <div class=\"delimiter\"><div><\/div><\/div>\n    \n<\/section>","protected":false},"excerpt":{"rendered":"","protected":false},"author":3,"featured_media":0,"parent":0,"menu_order":0,"comment_status":"closed","ping_status":"closed","template":"page-offerings.php","meta":{"_acf_changed":false,"_monsterinsights_skip_tracking":false,"_monsterinsights_sitenote_active":false,"_monsterinsights_sitenote_note":"","_monsterinsights_sitenote_category":0,"footnotes":""},"class_list":["post-3026","page","type-page","status-publish","hentry"],"acf":[],"yoast_head":"<!-- This site is optimized with the Yoast SEO plugin v21.9 - https:\/\/yoast.com\/wordpress\/plugins\/seo\/ -->\n<title>Erbjudanden<\/title>\n<meta name=\"robots\" content=\"index, follow, max-snippet:-1, max-image-preview:large, max-video-preview:-1\" \/>\n<link rel=\"canonical\" href=\"https:\/\/www.augment.se\/sv\/erbjudanden\/\" \/>\n<meta property=\"og:locale\" content=\"sv_SE\" \/>\n<meta property=\"og:type\" content=\"article\" \/>\n<meta property=\"og:title\" content=\"Erbjudanden\" \/>\n<meta property=\"og:url\" content=\"https:\/\/www.augment.se\/sv\/erbjudanden\/\" \/>\n<meta property=\"og:site_name\" content=\"Augment\" \/>\n<meta property=\"article:modified_time\" content=\"2023-09-01T09:06:57+00:00\" \/>\n<meta name=\"twitter:card\" content=\"summary_large_image\" \/>\n<script type=\"application\/ld+json\" class=\"yoast-schema-graph\">{\"@context\":\"https:\/\/schema.org\",\"@graph\":[{\"@type\":\"WebPage\",\"@id\":\"https:\/\/www.augment.se\/sv\/erbjudanden\/\",\"url\":\"https:\/\/www.augment.se\/sv\/erbjudanden\/\",\"name\":\"Erbjudanden\",\"isPartOf\":{\"@id\":\"https:\/\/www.augment.se\/sv\/#website\"},\"datePublished\":\"2022-02-18T11:36:28+00:00\",\"dateModified\":\"2023-09-01T09:06:57+00:00\",\"breadcrumb\":{\"@id\":\"https:\/\/www.augment.se\/sv\/erbjudanden\/#breadcrumb\"},\"inLanguage\":\"sv-SE\",\"potentialAction\":[{\"@type\":\"ReadAction\",\"target\":[\"https:\/\/www.augment.se\/sv\/erbjudanden\/\"]}]},{\"@type\":\"BreadcrumbList\",\"@id\":\"https:\/\/www.augment.se\/sv\/erbjudanden\/#breadcrumb\",\"itemListElement\":[{\"@type\":\"ListItem\",\"position\":1,\"name\":\"Home\",\"item\":\"https:\/\/www.augment.se\/sv\/\"},{\"@type\":\"ListItem\",\"position\":2,\"name\":\"Erbjudanden\"}]},{\"@type\":\"WebSite\",\"@id\":\"https:\/\/www.augment.se\/sv\/#website\",\"url\":\"https:\/\/www.augment.se\/sv\/\",\"name\":\"Augment\",\"description\":\"Personal and tailored investment banking advisory for each client&#039;s needs\",\"publisher\":{\"@id\":\"https:\/\/www.augment.se\/sv\/#organization\"},\"potentialAction\":[{\"@type\":\"SearchAction\",\"target\":{\"@type\":\"EntryPoint\",\"urlTemplate\":\"https:\/\/www.augment.se\/sv\/?s={search_term_string}\"},\"query-input\":\"required name=search_term_string\"}],\"inLanguage\":\"sv-SE\"},{\"@type\":\"Organization\",\"@id\":\"https:\/\/www.augment.se\/sv\/#organization\",\"name\":\"Augment Partners\",\"url\":\"https:\/\/www.augment.se\/sv\/\",\"logo\":{\"@type\":\"ImageObject\",\"inLanguage\":\"sv-SE\",\"@id\":\"https:\/\/www.augment.se\/sv\/#\/schema\/logo\/image\/\",\"url\":\"https:\/\/www.augment.se\/wp-content\/uploads\/2022\/05\/Augment-Partners.png\",\"contentUrl\":\"https:\/\/www.augment.se\/wp-content\/uploads\/2022\/05\/Augment-Partners.png\",\"width\":2400,\"height\":1260,\"caption\":\"Augment Partners\"},\"image\":{\"@id\":\"https:\/\/www.augment.se\/sv\/#\/schema\/logo\/image\/\"}}]}<\/script>\n<!-- \/ Yoast SEO plugin. -->","yoast_head_json":{"title":"Erbjudanden","robots":{"index":"index","follow":"follow","max-snippet":"max-snippet:-1","max-image-preview":"max-image-preview:large","max-video-preview":"max-video-preview:-1"},"canonical":"https:\/\/www.augment.se\/sv\/erbjudanden\/","og_locale":"sv_SE","og_type":"article","og_title":"Erbjudanden","og_url":"https:\/\/www.augment.se\/sv\/erbjudanden\/","og_site_name":"Augment","article_modified_time":"2023-09-01T09:06:57+00:00","twitter_card":"summary_large_image","schema":{"@context":"https:\/\/schema.org","@graph":[{"@type":"WebPage","@id":"https:\/\/www.augment.se\/sv\/erbjudanden\/","url":"https:\/\/www.augment.se\/sv\/erbjudanden\/","name":"Erbjudanden","isPartOf":{"@id":"https:\/\/www.augment.se\/sv\/#website"},"datePublished":"2022-02-18T11:36:28+00:00","dateModified":"2023-09-01T09:06:57+00:00","breadcrumb":{"@id":"https:\/\/www.augment.se\/sv\/erbjudanden\/#breadcrumb"},"inLanguage":"sv-SE","potentialAction":[{"@type":"ReadAction","target":["https:\/\/www.augment.se\/sv\/erbjudanden\/"]}]},{"@type":"BreadcrumbList","@id":"https:\/\/www.augment.se\/sv\/erbjudanden\/#breadcrumb","itemListElement":[{"@type":"ListItem","position":1,"name":"Home","item":"https:\/\/www.augment.se\/sv\/"},{"@type":"ListItem","position":2,"name":"Erbjudanden"}]},{"@type":"WebSite","@id":"https:\/\/www.augment.se\/sv\/#website","url":"https:\/\/www.augment.se\/sv\/","name":"Augment","description":"Personal and tailored investment banking advisory for each client&#039;s needs","publisher":{"@id":"https:\/\/www.augment.se\/sv\/#organization"},"potentialAction":[{"@type":"SearchAction","target":{"@type":"EntryPoint","urlTemplate":"https:\/\/www.augment.se\/sv\/?s={search_term_string}"},"query-input":"required name=search_term_string"}],"inLanguage":"sv-SE"},{"@type":"Organization","@id":"https:\/\/www.augment.se\/sv\/#organization","name":"Augment Partners","url":"https:\/\/www.augment.se\/sv\/","logo":{"@type":"ImageObject","inLanguage":"sv-SE","@id":"https:\/\/www.augment.se\/sv\/#\/schema\/logo\/image\/","url":"https:\/\/www.augment.se\/wp-content\/uploads\/2022\/05\/Augment-Partners.png","contentUrl":"https:\/\/www.augment.se\/wp-content\/uploads\/2022\/05\/Augment-Partners.png","width":2400,"height":1260,"caption":"Augment Partners"},"image":{"@id":"https:\/\/www.augment.se\/sv\/#\/schema\/logo\/image\/"}}]}},"_links":{"self":[{"href":"https:\/\/www.augment.se\/sv\/wp-json\/wp\/v2\/pages\/3026","targetHints":{"allow":["GET"]}}],"collection":[{"href":"https:\/\/www.augment.se\/sv\/wp-json\/wp\/v2\/pages"}],"about":[{"href":"https:\/\/www.augment.se\/sv\/wp-json\/wp\/v2\/types\/page"}],"author":[{"embeddable":true,"href":"https:\/\/www.augment.se\/sv\/wp-json\/wp\/v2\/users\/3"}],"replies":[{"embeddable":true,"href":"https:\/\/www.augment.se\/sv\/wp-json\/wp\/v2\/comments?post=3026"}],"version-history":[{"count":4,"href":"https:\/\/www.augment.se\/sv\/wp-json\/wp\/v2\/pages\/3026\/revisions"}],"predecessor-version":[{"id":3646,"href":"https:\/\/www.augment.se\/sv\/wp-json\/wp\/v2\/pages\/3026\/revisions\/3646"}],"wp:attachment":[{"href":"https:\/\/www.augment.se\/sv\/wp-json\/wp\/v2\/media?parent=3026"}],"curies":[{"name":"wp","href":"https:\/\/api.w.org\/{rel}","templated":true}]}}