{"id":3030,"date":"2022-02-08T11:29:05","date_gmt":"2022-02-08T10:29:05","guid":{"rendered":"https:\/\/www.augment.se\/our-causes\/"},"modified":"2023-08-24T10:31:56","modified_gmt":"2023-08-24T08:31:56","slug":"vara-andamal","status":"publish","type":"page","link":"https:\/\/www.augment.se\/sv\/vara-andamal\/","title":{"rendered":"V\u00e5ra \u00e4ndam\u00e5l"},"content":{"rendered":"<section id=\"headerblock-block_c3792261dd46473e6310402b72776386\" class=\"white headerblock\" >\n\n    \n<div class=\"bg-container\" style=\"background-image:url(https:\/\/www.augment.se\/wp-content\/uploads\/2022\/03\/CSR-header-2.png);\"><\/div>\n    <div class=\"inner\">\n\n        <h1>V\u00e5ra \u00e4ndam\u00e5l<\/h1>\n\n    \n\n        \n\n        \n\n    <\/div>\n\n    <div class=\"delimiter\"><div><\/div><\/div>\n    \n<\/section>\n\n<section id=\"contentblock-block_9d5722cd8c1fa408f48222760c8fd3c1\" class=\"white contentblock large is-style-grid-6\" >\n\n\n    \n    <div class=\"inner \">\n\n        <h1>Vi samarbetar med <span class=\"accent-500\">Milkywire<\/span>, v\u00e5r <span class=\"accent-500\">impact partner<\/span><\/h1>\n<p><span class=\"introduction\">Milkywire \u00e4r en teknikdriven plattform f\u00f6r donationer som kopplar samman m\u00e4nniskor och f\u00f6retag direkt med lokalt f\u00f6rankrade ideella organisationer som arbetar f\u00f6r att r\u00e4dda planeten.<br \/>\n<\/span><\/p>\n<p>P\u00e5 Milkywire-plattformen kan du utforska noggrant utvalda och granskade organisationer, interagera med dem, donera direkt till dem och f\u00f6lja deras arbete genom veckovisa uppdateringar. Det \u00e4r ett nytt s\u00e4tt att g\u00f6ra en skillnad, genom att eliminera mellanh\u00e4nder och f\u00f6ra alla n\u00e4rmare det praktiska arbetet med att skydda och \u00e5terst\u00e4lla v\u00e5r planet.<\/p>\n<p>&nbsp;<\/p>\n<h2 class=\"p1\"><b>R\u00e4dda v\u00e5ra hav<\/b><\/h2>\n<p class=\"p1\">V\u00e5ra hav \u00e4r avg\u00f6rande f\u00f6r allt liv p\u00e5 jorden, eftersom de producerar \u00f6ver 50% av den syre vi andas och \u00e4r hem \u00e5t 80% av allt liv p\u00e5 v\u00e5r planet. En av de tv\u00e5 \u00e4ndam\u00e5len vi har med Milkywire \u00e4r <i>save our oceans. <\/i>De underliggande organisationerna drivs av dedikerade experter som g\u00f6r allt fr\u00e5n att r\u00e4dda djur fr\u00e5n plastavfall och genomf\u00f6ra reng\u00f6ringsinsatser i \u00d6stersj\u00f6n till att skydda hajar i Karibien.<\/p>\n<p>&nbsp;<\/p>\n<p><img loading=\"lazy\" decoding=\"async\" class=\"alignnone wp-image-798 size-full\" src=\"https:\/\/www.augment.se\/wp-content\/uploads\/2022\/03\/Hammerhead-shark_Copyright-Milkywire_Credit-\u200b\u200bDuncan-Brake.jpg\" alt=\"Milkywire Shark image\" width=\"1920\" height=\"1080\" srcset=\"https:\/\/www.augment.se\/wp-content\/uploads\/2022\/03\/Hammerhead-shark_Copyright-Milkywire_Credit-\u200b\u200bDuncan-Brake.jpg 1920w, https:\/\/www.augment.se\/wp-content\/uploads\/2022\/03\/Hammerhead-shark_Copyright-Milkywire_Credit-\u200b\u200bDuncan-Brake-300x169.jpg 300w, https:\/\/www.augment.se\/wp-content\/uploads\/2022\/03\/Hammerhead-shark_Copyright-Milkywire_Credit-\u200b\u200bDuncan-Brake-1024x576.jpg 1024w, https:\/\/www.augment.se\/wp-content\/uploads\/2022\/03\/Hammerhead-shark_Copyright-Milkywire_Credit-\u200b\u200bDuncan-Brake-768x432.jpg 768w, https:\/\/www.augment.se\/wp-content\/uploads\/2022\/03\/Hammerhead-shark_Copyright-Milkywire_Credit-\u200b\u200bDuncan-Brake-1536x864.jpg 1536w\" sizes=\"auto, (max-width: 1920px) 100vw, 1920px\" \/><\/p>\n<p>&nbsp;<\/p>\n<h2 class=\"p1\"><b>Skydda v\u00e5ra skogar<\/b><\/h2>\n<p class=\"p1\">Varje \u00e5r f\u00f6rst\u00f6rs 10 miljoner hektar skog, vilket driver arter till utrotning och f\u00f6rst\u00e4rker klimatf\u00f6r\u00e4ndringarna. <i>Plant trees and protect our forests <\/i>is \u00e4r v\u00e5rt andra \u00e4ndam\u00e5l, d\u00e4r prisbel\u00f6nta gr\u00e4srotsorganisationer arbetar med skogar och tr\u00e4d. L\u00e4s mer om detta och andra \u00e4ndam\u00e5l p\u00e5 Milkywires <span class=\"s1\"><a href=\"https:\/\/milkywire.com\" target=\"_blank\" rel=\"noopener\">webbplats<\/a>.<\/span><\/p>\n<p>&nbsp;<\/p>\n<p><img loading=\"lazy\" decoding=\"async\" class=\"alignnone wp-image-803 size-large\" src=\"https:\/\/www.augment.se\/wp-content\/uploads\/2022\/03\/Old-forest_Copyright-Milkywire-1024x567.jpg\" alt=\"\" width=\"1024\" height=\"567\" srcset=\"https:\/\/www.augment.se\/wp-content\/uploads\/2022\/03\/Old-forest_Copyright-Milkywire-1024x567.jpg 1024w, https:\/\/www.augment.se\/wp-content\/uploads\/2022\/03\/Old-forest_Copyright-Milkywire-300x166.jpg 300w, https:\/\/www.augment.se\/wp-content\/uploads\/2022\/03\/Old-forest_Copyright-Milkywire-768x426.jpg 768w, https:\/\/www.augment.se\/wp-content\/uploads\/2022\/03\/Old-forest_Copyright-Milkywire-1536x851.jpg 1536w, https:\/\/www.augment.se\/wp-content\/uploads\/2022\/03\/Old-forest_Copyright-Milkywire-2048x1135.jpg 2048w\" sizes=\"auto, (max-width: 1024px) 100vw, 1024px\" \/><\/p>\n<p>&nbsp;<\/p>\n<p>&nbsp;<\/p>\n\n        \t\n\n\n    <\/div>\n    \n<\/section>","protected":false},"excerpt":{"rendered":"","protected":false},"author":3,"featured_media":2852,"parent":0,"menu_order":0,"comment_status":"closed","ping_status":"closed","template":"","meta":{"_acf_changed":false,"_monsterinsights_skip_tracking":false,"_monsterinsights_sitenote_active":false,"_monsterinsights_sitenote_note":"","_monsterinsights_sitenote_category":0,"footnotes":""},"class_list":["post-3030","page","type-page","status-publish","has-post-thumbnail","hentry"],"acf":[],"yoast_head":"<!-- This site is optimized with the Yoast SEO plugin v21.9 - https:\/\/yoast.com\/wordpress\/plugins\/seo\/ -->\n<title>V\u00e5ra \u00e4ndam\u00e5l<\/title>\n<meta name=\"robots\" content=\"index, follow, max-snippet:-1, max-image-preview:large, max-video-preview:-1\" \/>\n<link rel=\"canonical\" href=\"https:\/\/www.augment.se\/sv\/vara-andamal\/\" \/>\n<meta property=\"og:locale\" content=\"sv_SE\" \/>\n<meta property=\"og:type\" content=\"article\" \/>\n<meta property=\"og:title\" content=\"V\u00e5ra \u00e4ndam\u00e5l\" \/>\n<meta property=\"og:url\" content=\"https:\/\/www.augment.se\/sv\/vara-andamal\/\" \/>\n<meta property=\"og:site_name\" content=\"Augment\" \/>\n<meta property=\"article:modified_time\" content=\"2023-08-24T08:31:56+00:00\" \/>\n<meta property=\"og:image\" content=\"https:\/\/www.augment.se\/wp-content\/uploads\/2022\/03\/CSR-header-2.png\" \/>\n\t<meta property=\"og:image:width\" content=\"2000\" \/>\n\t<meta property=\"og:image:height\" content=\"1270\" \/>\n\t<meta property=\"og:image:type\" content=\"image\/png\" \/>\n<meta name=\"twitter:card\" content=\"summary_large_image\" \/>\n<script type=\"application\/ld+json\" class=\"yoast-schema-graph\">{\"@context\":\"https:\/\/schema.org\",\"@graph\":[{\"@type\":\"WebPage\",\"@id\":\"https:\/\/www.augment.se\/sv\/vara-andamal\/\",\"url\":\"https:\/\/www.augment.se\/sv\/vara-andamal\/\",\"name\":\"V\u00e5ra \u00e4ndam\u00e5l\",\"isPartOf\":{\"@id\":\"https:\/\/www.augment.se\/sv\/#website\"},\"datePublished\":\"2022-02-08T10:29:05+00:00\",\"dateModified\":\"2023-08-24T08:31:56+00:00\",\"breadcrumb\":{\"@id\":\"https:\/\/www.augment.se\/sv\/vara-andamal\/#breadcrumb\"},\"inLanguage\":\"sv-SE\",\"potentialAction\":[{\"@type\":\"ReadAction\",\"target\":[\"https:\/\/www.augment.se\/sv\/vara-andamal\/\"]}]},{\"@type\":\"BreadcrumbList\",\"@id\":\"https:\/\/www.augment.se\/sv\/vara-andamal\/#breadcrumb\",\"itemListElement\":[{\"@type\":\"ListItem\",\"position\":1,\"name\":\"Home\",\"item\":\"https:\/\/www.augment.se\/sv\/\"},{\"@type\":\"ListItem\",\"position\":2,\"name\":\"V\u00e5ra \u00e4ndam\u00e5l\"}]},{\"@type\":\"WebSite\",\"@id\":\"https:\/\/www.augment.se\/sv\/#website\",\"url\":\"https:\/\/www.augment.se\/sv\/\",\"name\":\"Augment\",\"description\":\"Personal and tailored investment banking advisory for each client&#039;s needs\",\"publisher\":{\"@id\":\"https:\/\/www.augment.se\/sv\/#organization\"},\"potentialAction\":[{\"@type\":\"SearchAction\",\"target\":{\"@type\":\"EntryPoint\",\"urlTemplate\":\"https:\/\/www.augment.se\/sv\/?s={search_term_string}\"},\"query-input\":\"required name=search_term_string\"}],\"inLanguage\":\"sv-SE\"},{\"@type\":\"Organization\",\"@id\":\"https:\/\/www.augment.se\/sv\/#organization\",\"name\":\"Augment Partners\",\"url\":\"https:\/\/www.augment.se\/sv\/\",\"logo\":{\"@type\":\"ImageObject\",\"inLanguage\":\"sv-SE\",\"@id\":\"https:\/\/www.augment.se\/sv\/#\/schema\/logo\/image\/\",\"url\":\"https:\/\/www.augment.se\/wp-content\/uploads\/2022\/05\/Augment-Partners.png\",\"contentUrl\":\"https:\/\/www.augment.se\/wp-content\/uploads\/2022\/05\/Augment-Partners.png\",\"width\":2400,\"height\":1260,\"caption\":\"Augment Partners\"},\"image\":{\"@id\":\"https:\/\/www.augment.se\/sv\/#\/schema\/logo\/image\/\"}}]}<\/script>\n<!-- \/ Yoast SEO plugin. -->","yoast_head_json":{"title":"V\u00e5ra \u00e4ndam\u00e5l","robots":{"index":"index","follow":"follow","max-snippet":"max-snippet:-1","max-image-preview":"max-image-preview:large","max-video-preview":"max-video-preview:-1"},"canonical":"https:\/\/www.augment.se\/sv\/vara-andamal\/","og_locale":"sv_SE","og_type":"article","og_title":"V\u00e5ra \u00e4ndam\u00e5l","og_url":"https:\/\/www.augment.se\/sv\/vara-andamal\/","og_site_name":"Augment","article_modified_time":"2023-08-24T08:31:56+00:00","og_image":[{"width":2000,"height":1270,"url":"https:\/\/www.augment.se\/wp-content\/uploads\/2022\/03\/CSR-header-2.png","type":"image\/png"}],"twitter_card":"summary_large_image","schema":{"@context":"https:\/\/schema.org","@graph":[{"@type":"WebPage","@id":"https:\/\/www.augment.se\/sv\/vara-andamal\/","url":"https:\/\/www.augment.se\/sv\/vara-andamal\/","name":"V\u00e5ra \u00e4ndam\u00e5l","isPartOf":{"@id":"https:\/\/www.augment.se\/sv\/#website"},"datePublished":"2022-02-08T10:29:05+00:00","dateModified":"2023-08-24T08:31:56+00:00","breadcrumb":{"@id":"https:\/\/www.augment.se\/sv\/vara-andamal\/#breadcrumb"},"inLanguage":"sv-SE","potentialAction":[{"@type":"ReadAction","target":["https:\/\/www.augment.se\/sv\/vara-andamal\/"]}]},{"@type":"BreadcrumbList","@id":"https:\/\/www.augment.se\/sv\/vara-andamal\/#breadcrumb","itemListElement":[{"@type":"ListItem","position":1,"name":"Home","item":"https:\/\/www.augment.se\/sv\/"},{"@type":"ListItem","position":2,"name":"V\u00e5ra \u00e4ndam\u00e5l"}]},{"@type":"WebSite","@id":"https:\/\/www.augment.se\/sv\/#website","url":"https:\/\/www.augment.se\/sv\/","name":"Augment","description":"Personal and tailored investment banking advisory for each client&#039;s needs","publisher":{"@id":"https:\/\/www.augment.se\/sv\/#organization"},"potentialAction":[{"@type":"SearchAction","target":{"@type":"EntryPoint","urlTemplate":"https:\/\/www.augment.se\/sv\/?s={search_term_string}"},"query-input":"required name=search_term_string"}],"inLanguage":"sv-SE"},{"@type":"Organization","@id":"https:\/\/www.augment.se\/sv\/#organization","name":"Augment Partners","url":"https:\/\/www.augment.se\/sv\/","logo":{"@type":"ImageObject","inLanguage":"sv-SE","@id":"https:\/\/www.augment.se\/sv\/#\/schema\/logo\/image\/","url":"https:\/\/www.augment.se\/wp-content\/uploads\/2022\/05\/Augment-Partners.png","contentUrl":"https:\/\/www.augment.se\/wp-content\/uploads\/2022\/05\/Augment-Partners.png","width":2400,"height":1260,"caption":"Augment Partners"},"image":{"@id":"https:\/\/www.augment.se\/sv\/#\/schema\/logo\/image\/"}}]}},"_links":{"self":[{"href":"https:\/\/www.augment.se\/sv\/wp-json\/wp\/v2\/pages\/3030","targetHints":{"allow":["GET"]}}],"collection":[{"href":"https:\/\/www.augment.se\/sv\/wp-json\/wp\/v2\/pages"}],"about":[{"href":"https:\/\/www.augment.se\/sv\/wp-json\/wp\/v2\/types\/page"}],"author":[{"embeddable":true,"href":"https:\/\/www.augment.se\/sv\/wp-json\/wp\/v2\/users\/3"}],"replies":[{"embeddable":true,"href":"https:\/\/www.augment.se\/sv\/wp-json\/wp\/v2\/comments?post=3030"}],"version-history":[{"count":3,"href":"https:\/\/www.augment.se\/sv\/wp-json\/wp\/v2\/pages\/3030\/revisions"}],"predecessor-version":[{"id":3482,"href":"https:\/\/www.augment.se\/sv\/wp-json\/wp\/v2\/pages\/3030\/revisions\/3482"}],"wp:featuredmedia":[{"embeddable":true,"href":"https:\/\/www.augment.se\/sv\/wp-json\/wp\/v2\/media\/2852"}],"wp:attachment":[{"href":"https:\/\/www.augment.se\/sv\/wp-json\/wp\/v2\/media?parent=3030"}],"curies":[{"name":"wp","href":"https:\/\/api.w.org\/{rel}","templated":true}]}}